{"id":4,"date":"2015-10-06T11:55:45","date_gmt":"2015-10-06T09:55:45","guid":{"rendered":"http:\/\/avarijasdienests.com\/?page_id=4"},"modified":"2019-01-21T20:19:05","modified_gmt":"2019-01-21T18:19:05","slug":"home","status":"publish","type":"page","link":"http:\/\/avarijasdienests.com\/","title":{"rendered":"Par mums"},"content":{"rendered":"<p style=\"text-align: right;\"><strong><span style=\"color: #000080;\"><a href=\"http:\/\/avarijasdienests.com\/\">LV<\/a>\u00a0\u00a0<a style=\"color: #000080;\" href=\"http:\/\/avarijasdienests.com\/index.php\/rus\/\"> RU<\/a><\/span><\/strong><\/p>\n<p><a href=\"http:\/\/avarijasdienests.com\/index.php\/lv-2\/\"><img decoding=\"async\" loading=\"lazy\" class=\"alignnone wp-image-351\" title=\"Pakalpojumi\" src=\"http:\/\/avarijasdienests.com\/wp-content\/uploads\/2015\/10\/Pakalpojumi-2-300x78.jpg\" alt=\"Pakalpojumi\" width=\"154\" height=\"40\" srcset=\"http:\/\/avarijasdienests.com\/wp-content\/uploads\/2015\/10\/Pakalpojumi-2-300x78.jpg 300w, http:\/\/avarijasdienests.com\/wp-content\/uploads\/2015\/10\/Pakalpojumi-2.jpg 362w\" sizes=\"(max-width: 154px) 100vw, 154px\" \/><\/a><a href=\"http:\/\/avarijasdienests.com\/index.php\/projekti\/\"><img decoding=\"async\" loading=\"lazy\" class=\"alignnone wp-image-352\" title=\"Projekti\" src=\"http:\/\/avarijasdienests.com\/wp-content\/uploads\/2015\/10\/Projekti-2-300x78.jpg\" alt=\"Projekti 2\" width=\"154\" height=\"40\" srcset=\"http:\/\/avarijasdienests.com\/wp-content\/uploads\/2015\/10\/Projekti-2-300x78.jpg 300w, http:\/\/avarijasdienests.com\/wp-content\/uploads\/2015\/10\/Projekti-2.jpg 362w\" sizes=\"(max-width: 154px) 100vw, 154px\" \/><\/a><span style=\"color: #ff6600;\"><a href=\"http:\/\/avarijasdienests.com\/index.php\/contacts\/\"><span style=\"color: #003366;\"><img decoding=\"async\" loading=\"lazy\" class=\"alignnone wp-image-353\" title=\"Kontakti\" src=\"http:\/\/avarijasdienests.com\/wp-content\/uploads\/2015\/10\/Kontakti-2-300x78.jpg\" alt=\"Kontakti 2\" width=\"154\" height=\"40\" srcset=\"http:\/\/avarijasdienests.com\/wp-content\/uploads\/2015\/10\/Kontakti-2-300x78.jpg 300w, http:\/\/avarijasdienests.com\/wp-content\/uploads\/2015\/10\/Kontakti-2.jpg 362w\" sizes=\"(max-width: 154px) 100vw, 154px\" \/><\/span><\/a><\/span><\/p>\n<p style=\"padding-left: 30px; text-align: center;\"><strong><span style=\"color: #ff6600;\">Av\u0101rijas sanit\u0101rtehniskie darbi 00-24<\/span><\/strong><\/p>\n<p><a href=\"http:\/\/avarijasdienests.com\/index.php\/contacts\/\"><img decoding=\"async\" loading=\"lazy\" class=\"alignright wp-image-680\" src=\"http:\/\/avarijasdienests.com\/wp-content\/uploads\/2015\/10\/Izsaukt-meistaru-300x217.jpg\" alt=\"\" width=\"135\" height=\"98\" srcset=\"http:\/\/avarijasdienests.com\/wp-content\/uploads\/2015\/10\/Izsaukt-meistaru-300x217.jpg 300w, http:\/\/avarijasdienests.com\/wp-content\/uploads\/2015\/10\/Izsaukt-meistaru-768x555.jpg 768w, http:\/\/avarijasdienests.com\/wp-content\/uploads\/2015\/10\/Izsaukt-meistaru-1024x740.jpg 1024w, http:\/\/avarijasdienests.com\/wp-content\/uploads\/2015\/10\/Izsaukt-meistaru.jpg 1800w\" sizes=\"(max-width: 135px) 100vw, 135px\" \/><\/a><\/p>\n<p style=\"text-align: justify;\"><strong>M\u016bsu komp\u0101nija profesion\u0101li \u00a0un kvalitat\u012bvi veic visa veida santehniskos darbus R\u012bg\u0101 un vis\u0101 Latvijas teritorij\u0101.<\/strong><\/p>\n<p style=\"text-align: justify;\"><a href=\"http:\/\/avarijasdienests.com\/wp-content\/uploads\/2019\/01\/Krans.jpg\"><img decoding=\"async\" loading=\"lazy\" class=\"size-medium wp-image-782 alignleft\" src=\"http:\/\/avarijasdienests.com\/wp-content\/uploads\/2019\/01\/Krans-200x300.jpg\" alt=\"\" width=\"200\" height=\"300\" srcset=\"http:\/\/avarijasdienests.com\/wp-content\/uploads\/2019\/01\/Krans-200x300.jpg 200w, http:\/\/avarijasdienests.com\/wp-content\/uploads\/2019\/01\/Krans-768x1152.jpg 768w, http:\/\/avarijasdienests.com\/wp-content\/uploads\/2019\/01\/Krans-683x1024.jpg 683w, http:\/\/avarijasdienests.com\/wp-content\/uploads\/2019\/01\/Krans.jpg 897w\" sizes=\"(max-width: 200px) 100vw, 200px\" \/><\/a><\/p>\n<p>&nbsp;<\/p>\n<p style=\"text-align: justify;\">Pie mums\u00a0str\u0101d\u0101 kvalific\u0113ti speci\u0101listi ar lielu praktisk\u0101 darba pieredzi, kas \u013cauj izmantot kompleksu pieeju jebkuras sare\u017e\u0123\u012bt\u012bbas probl\u0113mu risin\u0101\u0161an\u0101, nodro\u0161inot santehnikas ier\u012b\u010du projekt\u0113\u0161anas un uzst\u0101d\u012b\u0161anas darbu operat\u012bvu izpildi.<\/p>\n<p>&nbsp;<\/p>\n<hr \/>\n<p style=\"text-align: justify;\"><strong>M\u0113s pied\u0101v\u0101jam visa veida sanit\u0101rtehniskos darbus:<\/strong><\/p>\n<div id='gallery-1' class='gallery galleryid-4 gallery-columns-4 gallery-size-thumbnail'><figure class='gallery-item'>\n\t\t\t<div class='gallery-icon landscape'>\n\t\t\t\t<a href='http:\/\/avarijasdienests.com\/wp-content\/uploads\/2015\/10\/IMG_20150813_165407.jpg'><img width=\"150\" height=\"150\" src=\"http:\/\/avarijasdienests.com\/wp-content\/uploads\/2015\/10\/IMG_20150813_165407-150x150.jpg\" class=\"attachment-thumbnail size-thumbnail\" alt=\"\" decoding=\"async\" loading=\"lazy\" \/><\/a>\n\t\t\t<\/div><\/figure><figure class='gallery-item'>\n\t\t\t<div class='gallery-icon landscape'>\n\t\t\t\t<a href='http:\/\/avarijasdienests.com\/wp-content\/uploads\/2019\/01\/Ekskavators1.jpg'><img width=\"150\" height=\"150\" src=\"http:\/\/avarijasdienests.com\/wp-content\/uploads\/2019\/01\/Ekskavators1-150x150.jpg\" class=\"attachment-thumbnail size-thumbnail\" alt=\"\" decoding=\"async\" loading=\"lazy\" \/><\/a>\n\t\t\t<\/div><\/figure><figure class='gallery-item'>\n\t\t\t<div class='gallery-icon landscape'>\n\t\t\t\t<a href='http:\/\/avarijasdienests.com\/wp-content\/uploads\/2015\/10\/IMG_20150820_2023471.jpg'><img width=\"150\" height=\"150\" src=\"http:\/\/avarijasdienests.com\/wp-content\/uploads\/2015\/10\/IMG_20150820_2023471-150x150.jpg\" class=\"attachment-thumbnail size-thumbnail\" alt=\"\" decoding=\"async\" loading=\"lazy\" \/><\/a>\n\t\t\t<\/div><\/figure><figure class='gallery-item'>\n\t\t\t<div class='gallery-icon landscape'>\n\t\t\t\t<a href='http:\/\/avarijasdienests.com\/wp-content\/uploads\/2019\/01\/Ekskavators4.jpg'><img width=\"150\" height=\"150\" src=\"http:\/\/avarijasdienests.com\/wp-content\/uploads\/2019\/01\/Ekskavators4-150x150.jpg\" class=\"attachment-thumbnail size-thumbnail\" alt=\"\" decoding=\"async\" loading=\"lazy\" \/><\/a>\n\t\t\t<\/div><\/figure>\n\t\t<\/div>\n\n<ul>\n<li style=\"text-align: justify;\">Kanaliz\u0101cijas cauru\u013cu t\u012br\u012b\u0161ana un aizs\u0113r\u0113jumu likvid\u0113\u0161ana.<\/li>\n<li style=\"text-align: justify;\">Apkures, \u016bdens apg\u0101des un kanaliz\u0101cijas sist\u0113mu ier\u012bko\u0161ana.<\/li>\n<li style=\"text-align: justify;\">Radiatoru nomai\u0146a.<\/li>\n<li style=\"text-align: justify;\">G\u0101zes un elektrisko boileru piesl\u0113g\u0161ana.<\/li>\n<li style=\"text-align: justify;\">Vannu, izliet\u0146u, du\u0161kab\u012b\u0146u, \u016bdens sild\u012bt\u0101ju, s\u016bk\u0146u un ve\u013cas ma\u0161\u012bnu uzst\u0101d\u012b\u0161ana.<\/li>\n<\/ul>\n<p style=\"text-align: center;\"><span style=\"color: #ff6600;\"><strong>\u0100tri, kvalitat\u012bvi, un noteiktaj\u0101 termi\u0146\u0101 izpild\u012bsim santehniskos darbus. Santehni\u0137a veiktajiem darbiem dodam garantiju.<\/strong><\/span><\/p>\n<hr \/>\n<p style=\"text-align: justify;\"><strong>Izsaukt meistaru vai uzdot jaut\u0101jumu<\/strong> var, zvanot uz m\u016bsu uz\u0146\u0113mumu pa t\u0101lruni: <span style=\"color: #ff0000;\"><strong>mob.20454545<\/strong>.<\/span> Cenas ir saprat\u012bgas un atbilst izpild\u012bt\u0101 darba apjomam.<\/p>\n<p style=\"text-align: center;\"><strong><span style=\"color: #ff6600;\">Uzticiet sanit\u0101rtehniskos darbus profesion\u0101\u013ciem!<\/span><\/strong><\/p>\n","protected":false},"excerpt":{"rendered":"<p>LV\u00a0\u00a0 RU Av\u0101rijas sanit\u0101rtehniskie darbi 00-24 M\u016bsu komp\u0101nija profesion\u0101li \u00a0un kvalitat\u012bvi veic visa veida santehniskos darbus R\u012bg\u0101 un vis\u0101 Latvijas teritorij\u0101. &nbsp; Pie mums\u00a0str\u0101d\u0101 kvalific\u0113ti speci\u0101listi ar lielu praktisk\u0101 darba pieredzi, kas \u013cauj izmantot kompleksu pieeju jebkuras sare\u017e\u0123\u012bt\u012bbas probl\u0113mu risin\u0101\u0161an\u0101, nodro\u0161inot santehnikas ier\u012b\u010du projekt\u0113\u0161anas un uzst\u0101d\u012b\u0161anas darbu operat\u012bvu izpildi. &nbsp; M\u0113s pied\u0101v\u0101jam visa veida sanit\u0101rtehniskos &hellip; <a href=\"http:\/\/avarijasdienests.com\/\" class=\"more-link\">Continue reading <span class=\"screen-reader-text\">Par mums<\/span><\/a><\/p>\n","protected":false},"author":1,"featured_media":672,"parent":0,"menu_order":2,"comment_status":"closed","ping_status":"closed","template":"","meta":[],"_links":{"self":[{"href":"http:\/\/avarijasdienests.com\/index.php\/wp-json\/wp\/v2\/pages\/4"}],"collection":[{"href":"http:\/\/avarijasdienests.com\/index.php\/wp-json\/wp\/v2\/pages"}],"about":[{"href":"http:\/\/avarijasdienests.com\/index.php\/wp-json\/wp\/v2\/types\/page"}],"author":[{"embeddable":true,"href":"http:\/\/avarijasdienests.com\/index.php\/wp-json\/wp\/v2\/users\/1"}],"replies":[{"embeddable":true,"href":"http:\/\/avarijasdienests.com\/index.php\/wp-json\/wp\/v2\/comments?post=4"}],"version-history":[{"count":86,"href":"http:\/\/avarijasdienests.com\/index.php\/wp-json\/wp\/v2\/pages\/4\/revisions"}],"predecessor-version":[{"id":784,"href":"http:\/\/avarijasdienests.com\/index.php\/wp-json\/wp\/v2\/pages\/4\/revisions\/784"}],"wp:featuredmedia":[{"embeddable":true,"href":"http:\/\/avarijasdienests.com\/index.php\/wp-json\/wp\/v2\/media\/672"}],"wp:attachment":[{"href":"http:\/\/avarijasdienests.com\/index.php\/wp-json\/wp\/v2\/media?parent=4"}],"curies":[{"name":"wp","href":"https:\/\/api.w.org\/{rel}","templated":true}]}}