{"id":12,"date":"2015-10-07T10:08:10","date_gmt":"2015-10-07T10:08:10","guid":{"rendered":"http:\/\/avarijasdienests.com\/?page_id=12"},"modified":"2017-07-06T10:19:05","modified_gmt":"2017-07-06T08:19:05","slug":"contacts","status":"publish","type":"page","link":"http:\/\/avarijasdienests.com\/index.php\/contacts\/","title":{"rendered":"Kontaktinform\u0101cija"},"content":{"rendered":"<p style=\"text-align: right;\"><strong><span style=\"color: #ff6600;\"><span style=\"color: #003366;\"><a href=\"http:\/\/avarijasdienests.com\/index.php\/contacts\/\">LV<\/a>\u00a0 <a style=\"color: #003366;\" href=\"http:\/\/avarijasdienests.com\/index.php\/contacts-2\/\">RU<\/a><\/span><\/span><\/strong><\/p>\n<p style=\"text-align: right;\"><strong><span style=\"color: #ff6600;\"><span style=\"color: #003366;\"><a href=\"http:\/\/avarijasdienests.com\/\"><img decoding=\"async\" loading=\"lazy\" class=\"alignnone wp-image-736\" src=\"http:\/\/avarijasdienests.com\/wp-content\/uploads\/2015\/10\/Sakumlapa-bold-300x78.jpg\" alt=\"\" width=\"154\" height=\"40\" srcset=\"http:\/\/avarijasdienests.com\/wp-content\/uploads\/2015\/10\/Sakumlapa-bold-300x78.jpg 300w, http:\/\/avarijasdienests.com\/wp-content\/uploads\/2015\/10\/Sakumlapa-bold.jpg 362w\" sizes=\"(max-width: 154px) 100vw, 154px\" \/><\/a><a href=\"http:\/\/avarijasdienests.com\/index.php\/lv-2\/\"><img decoding=\"async\" loading=\"lazy\" class=\"alignnone wp-image-351\" title=\"Pakalpojumi\" src=\"http:\/\/avarijasdienests.com\/wp-content\/uploads\/2015\/10\/Pakalpojumi-2-300x78.jpg\" alt=\"Pakalpojumi\" width=\"154\" height=\"40\" srcset=\"http:\/\/avarijasdienests.com\/wp-content\/uploads\/2015\/10\/Pakalpojumi-2-300x78.jpg 300w, http:\/\/avarijasdienests.com\/wp-content\/uploads\/2015\/10\/Pakalpojumi-2.jpg 362w\" sizes=\"(max-width: 154px) 100vw, 154px\" \/><\/a><a href=\"http:\/\/avarijasdienests.com\/index.php\/projekti\/\"><img decoding=\"async\" loading=\"lazy\" class=\"alignnone wp-image-352\" title=\"Projekti\" src=\"http:\/\/avarijasdienests.com\/wp-content\/uploads\/2015\/10\/Projekti-2-300x78.jpg\" alt=\"Projekti 2\" width=\"154\" height=\"40\" srcset=\"http:\/\/avarijasdienests.com\/wp-content\/uploads\/2015\/10\/Projekti-2-300x78.jpg 300w, http:\/\/avarijasdienests.com\/wp-content\/uploads\/2015\/10\/Projekti-2.jpg 362w\" sizes=\"(max-width: 154px) 100vw, 154px\" \/><\/a><\/span><\/span><\/strong><\/p>\n<p style=\"text-align: justify;\"><strong>Izsaukt meistaru vai uzdot jaut\u0101jumu<\/strong> var, zvanot uz m\u016bsu uz\u0146\u0113mumu pa t\u0101lruni: <span style=\"color: #ff0000;\"><strong>mob.20454545<\/strong>.<\/span> Cenas ir saprat\u012bgas un atbilst izpild\u012bt\u0101 darba apjomam.<\/p>\n<p><strong><span style=\"color: #993300;\">SIA &#8220;Av\u0101rijas dienests&#8221;<\/span><\/strong><\/p>\n<p><strong>mob. 20 454545<\/strong><\/p>\n<p>e-mail: <strong><a href=\"mailto:Avarijasdienests@hotmail.com\">avarijasdienests@hotmail.com<\/a><\/strong><\/p>\n<p><a href=\"http:\/\/avarijasdienests.com\/wp-content\/uploads\/2017\/06\/Avarijas-Dienests-vizitka-new.jpg\"><span id=\"result_box\" class=\"short_text\" lang=\"lv\"><span class=\"hps\">viz\u012btkarte<\/span><\/span><\/a><\/p>\n<p>&nbsp;<\/p>\n","protected":false},"excerpt":{"rendered":"<p>LV\u00a0 RU Izsaukt meistaru vai uzdot jaut\u0101jumu var, zvanot uz m\u016bsu uz\u0146\u0113mumu pa t\u0101lruni: mob.20454545. Cenas ir saprat\u012bgas un atbilst izpild\u012bt\u0101 darba apjomam. SIA &#8220;Av\u0101rijas dienests&#8221; mob. 20 454545 e-mail: avarijasdienests@hotmail.com viz\u012btkarte &nbsp;<\/p>\n","protected":false},"author":1,"featured_media":551,"parent":0,"menu_order":0,"comment_status":"closed","ping_status":"closed","template":"","meta":[],"_links":{"self":[{"href":"http:\/\/avarijasdienests.com\/index.php\/wp-json\/wp\/v2\/pages\/12"}],"collection":[{"href":"http:\/\/avarijasdienests.com\/index.php\/wp-json\/wp\/v2\/pages"}],"about":[{"href":"http:\/\/avarijasdienests.com\/index.php\/wp-json\/wp\/v2\/types\/page"}],"author":[{"embeddable":true,"href":"http:\/\/avarijasdienests.com\/index.php\/wp-json\/wp\/v2\/users\/1"}],"replies":[{"embeddable":true,"href":"http:\/\/avarijasdienests.com\/index.php\/wp-json\/wp\/v2\/comments?post=12"}],"version-history":[{"count":33,"href":"http:\/\/avarijasdienests.com\/index.php\/wp-json\/wp\/v2\/pages\/12\/revisions"}],"predecessor-version":[{"id":723,"href":"http:\/\/avarijasdienests.com\/index.php\/wp-json\/wp\/v2\/pages\/12\/revisions\/723"}],"wp:featuredmedia":[{"embeddable":true,"href":"http:\/\/avarijasdienests.com\/index.php\/wp-json\/wp\/v2\/media\/551"}],"wp:attachment":[{"href":"http:\/\/avarijasdienests.com\/index.php\/wp-json\/wp\/v2\/media?parent=12"}],"curies":[{"name":"wp","href":"https:\/\/api.w.org\/{rel}","templated":true}]}}